{"id":487,"date":"2020-06-16T06:55:49","date_gmt":"2020-06-16T03:55:49","guid":{"rendered":"https:\/\/zakra-agency.sites.qsandbox.com\/?page_id=22"},"modified":"2020-08-01T20:25:31","modified_gmt":"2020-08-01T17:25:31","slug":"hakkimizda","status":"publish","type":"page","link":"https:\/\/www.ilhanculha.av.tr\/?page_id=487","title":{"rendered":"Hakk\u0131m\u0131zda"},"content":{"rendered":"<figure><img decoding=\"async\" src=\"https:\/\/www.ilhanculha.av.tr\/wp-content\/uploads\/2020\/07\/0.jpg\" alt=\"0\" \/><\/figure>\n<p>En az 10 y\u0131ll\u0131k \u0130stanbul \/ Ankara \u0130dare ve Vergi Mahkemesi hakimli\u011fi tecr\u00fcbesi bulunan eski hakimlerimiz ve kendi alanlar\u0131nda yeti\u015fmi\u015f uzmanlar\u0131m\u0131zla hukuki uyu\u015fmazl\u0131klar\u0131n\u0131za \u00e7\u00f6z\u00fcm \u00f6nerileri sunmak, teknik konularda sizleri ayd\u0131nlatmak, gerekirse tecr\u00fcbelerimizle ba\u015fvuru \/ itiraz \/ dava dilek\u00e7elerinizi d\u00fczenlemek ve dava takibinizi yapmak temel amac\u0131m\u0131zd\u0131r.<\/p>\n","protected":false},"excerpt":{"rendered":"<p>En az 10 y\u0131ll\u0131k \u0130stanbul \/ Ankara \u0130dare ve Vergi Mahkemesi hakimli\u011fi tecr\u00fcbesi bulunan eski hakimlerimiz ve kendi alanlar\u0131nda yeti\u015fmi\u015f uzmanlar\u0131m\u0131zla hukuki uyu\u015fmazl\u0131klar\u0131n\u0131za \u00e7\u00f6z\u00fcm \u00f6nerileri sunmak, teknik konularda sizleri ayd\u0131nlatmak, gerekirse tecr\u00fcbelerimizle ba\u015fvuru \/ itiraz \/ dava dilek\u00e7elerinizi d\u00fczenlemek ve dava takibinizi yapmak temel amac\u0131m\u0131zd\u0131r.<\/p>\n","protected":false},"author":2,"featured_media":0,"parent":0,"menu_order":0,"comment_status":"closed","ping_status":"closed","template":"page-templates\/pagebuilder.php","meta":{"zakra_page_container_layout":"stretched","zakra_page_sidebar_layout":"no_sidebar","zakra_remove_content_margin":false,"zakra_sidebar":"customizer","zakra_transparent_header":"customizer","zakra_logo":0,"zakra_main_header_style":"default","zakra_menu_item_color":"","zakra_menu_item_hover_color":"","zakra_menu_item_active_color":"","zakra_menu_active_style":"","zakra_page_header":true,"footnotes":""},"class_list":["post-487","page","type-page","status-publish","hentry"],"jetpack_sharing_enabled":true,"_links":{"self":[{"href":"https:\/\/www.ilhanculha.av.tr\/index.php?rest_route=\/wp\/v2\/pages\/487","targetHints":{"allow":["GET"]}}],"collection":[{"href":"https:\/\/www.ilhanculha.av.tr\/index.php?rest_route=\/wp\/v2\/pages"}],"about":[{"href":"https:\/\/www.ilhanculha.av.tr\/index.php?rest_route=\/wp\/v2\/types\/page"}],"author":[{"embeddable":true,"href":"https:\/\/www.ilhanculha.av.tr\/index.php?rest_route=\/wp\/v2\/users\/2"}],"replies":[{"embeddable":true,"href":"https:\/\/www.ilhanculha.av.tr\/index.php?rest_route=%2Fwp%2Fv2%2Fcomments&post=487"}],"version-history":[{"count":0,"href":"https:\/\/www.ilhanculha.av.tr\/index.php?rest_route=\/wp\/v2\/pages\/487\/revisions"}],"wp:attachment":[{"href":"https:\/\/www.ilhanculha.av.tr\/index.php?rest_route=%2Fwp%2Fv2%2Fmedia&parent=487"}],"curies":[{"name":"wp","href":"https:\/\/api.w.org\/{rel}","templated":true}]}}