{"id":456,"date":"2015-07-29T13:44:44","date_gmt":"2015-07-29T10:44:44","guid":{"rendered":"https:\/\/zakra-agency.sites.qsandbox.com\/?page_id=4"},"modified":"2020-08-01T20:14:47","modified_gmt":"2020-08-01T17:14:47","slug":"anasayfa","status":"publish","type":"page","link":"https:\/\/www.ilhanculha.av.tr\/","title":{"rendered":"Anasayfa"},"content":{"rendered":"<p><img loading=\"lazy\" decoding=\"async\" width=\"1402\" height=\"350\" src=\"https:\/\/www.ilhanculha.av.tr\/wp-content\/uploads\/2020\/07\/kapak-v3.png\" alt=\"\" srcset=\"https:\/\/www.ilhanculha.av.tr\/wp-content\/uploads\/2020\/07\/kapak-v3.png 1402w, https:\/\/www.ilhanculha.av.tr\/wp-content\/uploads\/2020\/07\/kapak-v3-300x75.png 300w, https:\/\/www.ilhanculha.av.tr\/wp-content\/uploads\/2020\/07\/kapak-v3-1024x256.png 1024w, https:\/\/www.ilhanculha.av.tr\/wp-content\/uploads\/2020\/07\/kapak-v3-768x192.png 768w\" sizes=\"auto, (max-width: 1402px) 100vw, 1402px\" \/><br \/>\n\t\t\t\t\t<svg xmlns=\"http:\/\/www.w3.org\/2000\/svg\" width=\"840.000000pt\" height=\"840.000000pt\" viewBox=\"0 0 840.000000 840.000000\" preserveAspectRatio=\"xMidYMid meet\"><g transform=\"translate(0.000000,840.000000) scale(0.100000,-0.100000)\" fill=\"#000000\" stroke=\"none\"><path d=\"M4181 7993 c-6 -76 -18 -223 -26 -328 -24 -293 -54 -540 -75 -608 -21 -68 -54 -127 -70 -127 -5 0 -49 36 -96 79 -100 94 -237 167 -374 202 -121 31 -422 38 -576 14 -128 -19 -372 -79 -534 -130 -651 -207 -850 -255 -1063 -256 -91 0 -99 -2 -108 -22 -7 -15 -4 -81 8 -207 l19 -185 108 -2 c59 0 110 -3 113 -6 4 -5 -108 -328 -192 -552 -18 -49 -68 -187 -110 -305 -42 -118 -95 -264 -117 -325 -22 -60 -64 -177 -93 -260 -29 -82 -71 -199 -93 -260 -22 -60 -63 -175 -92 -255 -28 -80 -78 -217 -110 -305 -32 -88 -90 -250 -130 -360 -39 -110 -82 -229 -95 -265 -20 -57 -57 -158 -141 -393 -98 -273 -90 -259 -154 -256 -27 2 -52 0 -56 -4 -10 -10 85 -136 161 -213 178 -179 491 -370 744 -454 187 -63 291 -80 501 -87 488 -14 845 106 1205 405 103 86 365 338 365 351 0 4 -26 6 -57 4 -32 -2 -63 0 -70 4 -6 5 -68 166 -137 358 -70 193 -139 386 -155 430 -37 101 -116 321 -176 490 -25 72 -61 171 -80 220 -18 50 -68 187 -111 305 -42 118 -87 244 -100 280 -23 66 -50 140 -349 973 -111 307 -165 471 -158 475 6 4 545 6 1198 4 l1188 -2 -7 -208 c-3 -114 -11 -326 -16 -472 -16 -439 -30 -838 -40 -1155 -5 -165 -14 -428 -20 -585 -5 -157 -17 -487 -25 -735 -8 -247 -20 -576 -25 -730 -6 -154 -13 -410 -16 -570 -6 -272 -5 -297 16 -405 12 -63 24 -165 27 -227 5 -103 3 -116 -20 -165 -46 -101 -195 -238 -377 -348 -327 -197 -872 -389 -1454 -513 -33 -6 -61 -18 -64 -25 -3 -9 432 -12 2128 -12 1683 0 2131 3 2128 12 -3 7 -20 16 -39 20 -538 117 -918 240 -1266 408 -197 95 -339 188 -454 298 -118 112 -149 172 -148 286 0 45 6 115 14 156 55 286 54 125 5 1600 -23 668 -41 1196 -50 1455 -5 154 -14 415 -20 580 -22 676 -32 959 -39 1135 -4 102 -5 188 -2 192 9 11 2355 10 2359 0 1 -4 -37 -116 -84 -247 -47 -132 -108 -301 -134 -375 -27 -74 -65 -180 -85 -235 -20 -55 -61 -167 -90 -250 -29 -82 -71 -199 -93 -260 -72 -200 -223 -618 -264 -730 -22 -60 -64 -177 -93 -260 -29 -82 -72 -202 -95 -265 -23 -63 -55 -151 -70 -195 -16 -44 -47 -129 -68 -190 -22 -60 -72 -200 -112 -310 -39 -110 -77 -203 -83 -208 -7 -4 -33 -6 -59 -5 -26 1 -50 -1 -54 -5 -4 -3 15 -37 42 -74 161 -226 538 -485 863 -593 212 -71 305 -85 561 -85 235 0 293 6 472 51 257 64 480 182 693 368 142 123 345 320 342 330 -2 5 -27 9 -58 8 -30 -1 -59 1 -65 5 -10 7 -23 40 -84 208 -22 59 -313 870 -477 1325 -46 129 -95 264 -108 300 -13 36 -48 135 -78 220 -31 85 -72 200 -92 255 -37 102 -193 534 -270 750 -24 66 -70 197 -104 290 -33 94 -61 173 -61 177 0 4 53 9 117 10 l117 3 19 185 c22 228 21 230 -62 230 -113 0 -326 50 -811 189 -309 89 -545 149 -665 170 -222 40 -459 51 -625 31 -219 -27 -338 -80 -475 -211 -52 -49 -98 -89 -104 -89 -18 0 -49 55 -70 125 -32 107 -43 215 -102 928 -6 81 -15 147 -19 147 -4 0 -12 -62 -19 -137z m-2543 -1818 c11 -33 39 -112 62 -175 23 -63 66 -182 95 -265 29 -82 72 -202 95 -265 23 -63 66 -182 95 -265 29 -82 72 -202 95 -265 23 -63 66 -182 95 -265 30 -82 72 -202 95 -265 23 -63 75 -207 115 -320 121 -338 258 -721 344 -960 45 -124 79 -231 76 -237 -3 -10 -253 -13 -1200 -13 -1055 0 -1196 2 -1201 15 -4 8 20 86 51 173 32 86 96 263 142 392 46 129 126 352 177 495 211 588 248 692 268 745 11 30 53 150 94 265 42 116 86 240 100 278 13 37 35 97 48 135 86 238 121 335 141 392 13 36 53 148 90 250 80 226 84 235 94 224 5 -5 18 -36 29 -69z m5170 33 c8 -29 89 -254 167 -468 13 -36 57 -159 99 -275 41 -115 83 -235 94 -265 12 -30 54 -149 95 -265 42 -115 84 -235 95 -265 12 -30 54 -149 95 -265 42 -115 84 -235 95 -265 12 -30 54 -150 95 -265 42 -116 82 -228 91 -250 8 -22 52 -143 97 -270 45 -126 99 -279 121 -339 21 -61 36 -116 34 -123 -8 -20 -2394 -19 -2402 0 -3 8 4 38 15 68 11 30 43 119 71 199 29 80 70 195 92 255 22 61 64 178 93 260 29 83 70 195 90 250 20 55 63 174 95 265 32 91 75 210 95 265 20 55 40 111 45 125 6 22 64 182 170 475 16 44 59 163 95 265 37 102 79 221 95 265 16 44 59 163 95 265 37 102 83 231 103 287 20 57 42 103 49 103 7 0 16 -15 21 -32z\"><\/path><\/g><\/svg><\/p>\n<h3>Hizmetlerimiz<\/h3>\n<h4>Vergi Davalar\u0131<\/h4>\n<p>Vergide \u00f6zel esaslara al\u0131nma i\u015flemi, KDV iade i\u015flemleri, \u00f6zel usuls\u00fczl\u00fck cezalar\u0131, M\u00fckellefi i\u015flemeleri, Yan\u0131lt\u0131c\u0131 belge, Fatura davalar\u0131<\/p>\n<h4>G\u00fcmr\u00fck Davalar\u0131<\/h4>\n<p>It is a long established fact that a reader will be distracted by the readable content of a page when looking at its layout.<\/p>\n<h4>\u0130dare Hukuku Davalar\u0131<\/h4>\n<p>It is a long established fact that a reader will be distracted by the readable content of a page when looking at its layout.<\/p>\n<h4>Ceza Davalar\u0131<\/h4>\n<p>DEneme yaz\u0131s\u0131.<\/p>\n<p>\t\t\t\t\t<svg xmlns=\"http:\/\/www.w3.org\/2000\/svg\" width=\"840.000000pt\" height=\"840.000000pt\" viewBox=\"0 0 840.000000 840.000000\" preserveAspectRatio=\"xMidYMid meet\"><g transform=\"translate(0.000000,840.000000) scale(0.100000,-0.100000)\" fill=\"#000000\" stroke=\"none\"><path d=\"M4181 7993 c-6 -76 -18 -223 -26 -328 -24 -293 -54 -540 -75 -608 -21 -68 -54 -127 -70 -127 -5 0 -49 36 -96 79 -100 94 -237 167 -374 202 -121 31 -422 38 -576 14 -128 -19 -372 -79 -534 -130 -651 -207 -850 -255 -1063 -256 -91 0 -99 -2 -108 -22 -7 -15 -4 -81 8 -207 l19 -185 108 -2 c59 0 110 -3 113 -6 4 -5 -108 -328 -192 -552 -18 -49 -68 -187 -110 -305 -42 -118 -95 -264 -117 -325 -22 -60 -64 -177 -93 -260 -29 -82 -71 -199 -93 -260 -22 -60 -63 -175 -92 -255 -28 -80 -78 -217 -110 -305 -32 -88 -90 -250 -130 -360 -39 -110 -82 -229 -95 -265 -20 -57 -57 -158 -141 -393 -98 -273 -90 -259 -154 -256 -27 2 -52 0 -56 -4 -10 -10 85 -136 161 -213 178 -179 491 -370 744 -454 187 -63 291 -80 501 -87 488 -14 845 106 1205 405 103 86 365 338 365 351 0 4 -26 6 -57 4 -32 -2 -63 0 -70 4 -6 5 -68 166 -137 358 -70 193 -139 386 -155 430 -37 101 -116 321 -176 490 -25 72 -61 171 -80 220 -18 50 -68 187 -111 305 -42 118 -87 244 -100 280 -23 66 -50 140 -349 973 -111 307 -165 471 -158 475 6 4 545 6 1198 4 l1188 -2 -7 -208 c-3 -114 -11 -326 -16 -472 -16 -439 -30 -838 -40 -1155 -5 -165 -14 -428 -20 -585 -5 -157 -17 -487 -25 -735 -8 -247 -20 -576 -25 -730 -6 -154 -13 -410 -16 -570 -6 -272 -5 -297 16 -405 12 -63 24 -165 27 -227 5 -103 3 -116 -20 -165 -46 -101 -195 -238 -377 -348 -327 -197 -872 -389 -1454 -513 -33 -6 -61 -18 -64 -25 -3 -9 432 -12 2128 -12 1683 0 2131 3 2128 12 -3 7 -20 16 -39 20 -538 117 -918 240 -1266 408 -197 95 -339 188 -454 298 -118 112 -149 172 -148 286 0 45 6 115 14 156 55 286 54 125 5 1600 -23 668 -41 1196 -50 1455 -5 154 -14 415 -20 580 -22 676 -32 959 -39 1135 -4 102 -5 188 -2 192 9 11 2355 10 2359 0 1 -4 -37 -116 -84 -247 -47 -132 -108 -301 -134 -375 -27 -74 -65 -180 -85 -235 -20 -55 -61 -167 -90 -250 -29 -82 -71 -199 -93 -260 -72 -200 -223 -618 -264 -730 -22 -60 -64 -177 -93 -260 -29 -82 -72 -202 -95 -265 -23 -63 -55 -151 -70 -195 -16 -44 -47 -129 -68 -190 -22 -60 -72 -200 -112 -310 -39 -110 -77 -203 -83 -208 -7 -4 -33 -6 -59 -5 -26 1 -50 -1 -54 -5 -4 -3 15 -37 42 -74 161 -226 538 -485 863 -593 212 -71 305 -85 561 -85 235 0 293 6 472 51 257 64 480 182 693 368 142 123 345 320 342 330 -2 5 -27 9 -58 8 -30 -1 -59 1 -65 5 -10 7 -23 40 -84 208 -22 59 -313 870 -477 1325 -46 129 -95 264 -108 300 -13 36 -48 135 -78 220 -31 85 -72 200 -92 255 -37 102 -193 534 -270 750 -24 66 -70 197 -104 290 -33 94 -61 173 -61 177 0 4 53 9 117 10 l117 3 19 185 c22 228 21 230 -62 230 -113 0 -326 50 -811 189 -309 89 -545 149 -665 170 -222 40 -459 51 -625 31 -219 -27 -338 -80 -475 -211 -52 -49 -98 -89 -104 -89 -18 0 -49 55 -70 125 -32 107 -43 215 -102 928 -6 81 -15 147 -19 147 -4 0 -12 -62 -19 -137z m-2543 -1818 c11 -33 39 -112 62 -175 23 -63 66 -182 95 -265 29 -82 72 -202 95 -265 23 -63 66 -182 95 -265 29 -82 72 -202 95 -265 23 -63 66 -182 95 -265 30 -82 72 -202 95 -265 23 -63 75 -207 115 -320 121 -338 258 -721 344 -960 45 -124 79 -231 76 -237 -3 -10 -253 -13 -1200 -13 -1055 0 -1196 2 -1201 15 -4 8 20 86 51 173 32 86 96 263 142 392 46 129 126 352 177 495 211 588 248 692 268 745 11 30 53 150 94 265 42 116 86 240 100 278 13 37 35 97 48 135 86 238 121 335 141 392 13 36 53 148 90 250 80 226 84 235 94 224 5 -5 18 -36 29 -69z m5170 33 c8 -29 89 -254 167 -468 13 -36 57 -159 99 -275 41 -115 83 -235 94 -265 12 -30 54 -149 95 -265 42 -115 84 -235 95 -265 12 -30 54 -149 95 -265 42 -115 84 -235 95 -265 12 -30 54 -150 95 -265 42 -116 82 -228 91 -250 8 -22 52 -143 97 -270 45 -126 99 -279 121 -339 21 -61 36 -116 34 -123 -8 -20 -2394 -19 -2402 0 -3 8 4 38 15 68 11 30 43 119 71 199 29 80 70 195 92 255 22 61 64 178 93 260 29 83 70 195 90 250 20 55 63 174 95 265 32 91 75 210 95 265 20 55 40 111 45 125 6 22 64 182 170 475 16 44 59 163 95 265 37 102 79 221 95 265 16 44 59 163 95 265 37 102 83 231 103 287 20 57 42 103 49 103 7 0 16 -15 21 -32z\"><\/path><\/g><\/svg><\/p>\n<h3>Son Yaz\u0131lar<\/h3>\n","protected":false},"excerpt":{"rendered":"<p>Hizmetlerimiz Vergi Davalar\u0131 Vergide \u00f6zel esaslara al\u0131nma i\u015flemi, KDV iade i\u015flemleri, \u00f6zel usuls\u00fczl\u00fck cezalar\u0131, M\u00fckellefi i\u015flemeleri, Yan\u0131lt\u0131c\u0131 belge, Fatura davalar\u0131 G\u00fcmr\u00fck Davalar\u0131 It is a long established fact that a reader will be distracted by the readable content of a page when looking at its layout. \u0130dare Hukuku Davalar\u0131 It is a long established fact [&hellip;]<\/p>\n","protected":false},"author":2,"featured_media":0,"parent":0,"menu_order":0,"comment_status":"closed","ping_status":"closed","template":"page-templates\/pagebuilder.php","meta":{"zakra_page_container_layout":"stretched","zakra_page_sidebar_layout":"no_sidebar","zakra_remove_content_margin":false,"zakra_sidebar":"customizer","zakra_transparent_header":"customizer","zakra_logo":0,"zakra_main_header_style":"default","zakra_menu_item_color":"","zakra_menu_item_hover_color":"","zakra_menu_item_active_color":"","zakra_menu_active_style":"","zakra_page_header":true,"footnotes":""},"class_list":["post-456","page","type-page","status-publish","hentry"],"jetpack_sharing_enabled":true,"_links":{"self":[{"href":"https:\/\/www.ilhanculha.av.tr\/index.php?rest_route=\/wp\/v2\/pages\/456","targetHints":{"allow":["GET"]}}],"collection":[{"href":"https:\/\/www.ilhanculha.av.tr\/index.php?rest_route=\/wp\/v2\/pages"}],"about":[{"href":"https:\/\/www.ilhanculha.av.tr\/index.php?rest_route=\/wp\/v2\/types\/page"}],"author":[{"embeddable":true,"href":"https:\/\/www.ilhanculha.av.tr\/index.php?rest_route=\/wp\/v2\/users\/2"}],"replies":[{"embeddable":true,"href":"https:\/\/www.ilhanculha.av.tr\/index.php?rest_route=%2Fwp%2Fv2%2Fcomments&post=456"}],"version-history":[{"count":1,"href":"https:\/\/www.ilhanculha.av.tr\/index.php?rest_route=\/wp\/v2\/pages\/456\/revisions"}],"predecessor-version":[{"id":657,"href":"https:\/\/www.ilhanculha.av.tr\/index.php?rest_route=\/wp\/v2\/pages\/456\/revisions\/657"}],"wp:attachment":[{"href":"https:\/\/www.ilhanculha.av.tr\/index.php?rest_route=%2Fwp%2Fv2%2Fmedia&parent=456"}],"curies":[{"name":"wp","href":"https:\/\/api.w.org\/{rel}","templated":true}]}}